{"id":1261,"date":"2017-12-20T15:47:45","date_gmt":"2017-12-20T14:47:45","guid":{"rendered":"https:\/\/sobczyk.com.pl\/our-team\/prof-dr-hab-arkadiusz-sobczyk\/"},"modified":"2024-02-19T15:16:09","modified_gmt":"2024-02-19T14:16:09","slug":"prof-dr-hab-arkadiusz-sobczyk","status":"publish","type":"page","link":"https:\/\/sobczyk.com.pl\/en\/our-team\/prof-dr-hab-arkadiusz-sobczyk\/","title":{"rendered":"Prof. Arkadiusz Sobczyk, Ph.D."},"content":{"rendered":"<section class=\"l-section wpb_row us_custom_6df4bc3a naglowek has_text_color height_large with_img\"><div class=\"l-section-img\" role=\"img\" aria-label=\"Image\" data-img-width=\"1920\" data-img-height=\"500\" style=\"background-image: url(https:\/\/sobczyk.com.pl\/wp-content\/uploads\/2018\/01\/naglowek-zespol.jpg);\"><\/div><div class=\"l-section-h i-cf\"><div class=\"g-cols vc_row via_flex valign_top type_default stacking_default\"><div class=\"vc_col-sm-12 wpb_column vc_column_container\"><div class=\"vc_column-inner\"><div class=\"wpb_wrapper\"><div class=\"wpb_text_column text-center\"><div class=\"wpb_wrapper\"><p>Prof. Arkadiusz Sobczyk, Ph.D.<\/p>\n<\/div><\/div><\/div><\/div><\/div><\/div><\/div><\/section><section class=\"l-section wpb_row zespol zespol-osoba height_large\"><div class=\"l-section-h i-cf\"><div class=\"g-cols vc_row via_flex valign_top type_default stacking_default\"><div class=\"vc_col-sm-4 wpb_column vc_column_container uslugi-content\"><div class=\"vc_column-inner\"><div class=\"wpb_wrapper\"><div class=\"w-image align_none\"><div class=\"w-image-h\"><img decoding=\"async\" width=\"600\" height=\"675\" src=\"https:\/\/sobczyk.com.pl\/wp-content\/uploads\/2018\/01\/arkadiusz-sobczyk-2.jpg\" class=\"attachment-large size-large\" alt=\"\" loading=\"lazy\" srcset=\"https:\/\/sobczyk.com.pl\/wp-content\/uploads\/2018\/01\/arkadiusz-sobczyk-2.jpg 600w, https:\/\/sobczyk.com.pl\/wp-content\/uploads\/2018\/01\/arkadiusz-sobczyk-2-267x300.jpg 267w\" sizes=\"auto, (max-width: 600px) 100vw, 600px\" \/><\/div><\/div><div class=\"w-separator size_medium\"><\/div><div class=\"wpb_text_column\"><div class=\"wpb_wrapper\"><h1>Prof. Arkadiusz Sobczyk, Ph.D.<br \/>\n<span class=\"stanowisko\">attorney-at-law<br \/>\nmanaging partner<\/span><\/h1>\n<\/div><\/div><div class=\"g-cols wpb_row via_flex valign_middle type_default stacking_default\"><div class=\"vc_col-sm-6 wpb_column vc_column_container biuro-miasto-sp-width\"><div class=\"vc_column-inner\"><div class=\"wpb_wrapper\"><div class=\"wpb_text_column zespol-miasto\"><div class=\"wpb_wrapper\"><p>Cracow Office<\/p>\n<\/div><\/div><\/div><\/div><\/div><div class=\"vc_col-sm-6 wpb_column vc_column_container\"><div class=\"vc_column-inner\"><div class=\"wpb_wrapper\"><div class=\"w-socials us_custom_a5c88937 color_text shape_square style_default hover_fade\"><div class=\"w-socials-list\"><div class=\"w-socials-item email\"><a target=\"_blank\" rel=\"nofollow\" href=\"mailto:arkadiusz.sobczyk@sobczyk.com.pl\" class=\"w-socials-item-link\" aria-label=\"Email\"><span class=\"w-socials-item-link-hover\"><\/span><i class=\"fas fa-envelope\"><\/i><\/a><div class=\"w-socials-item-popup\"><span>Email<\/span><\/div><\/div><\/div><\/div><\/div><\/div><\/div><\/div><\/div><\/div><\/div><div class=\"vc_col-sm-8 wpb_column vc_column_container\"><div class=\"vc_column-inner\"><div class=\"wpb_wrapper\"><div class=\"wpb_text_column\"><div class=\"wpb_wrapper\"><p>An outstanding expert in labour law with broad experience in litigation and negotiations. Founder of the Law Firm and its Managing Partner since the year 2000. Besides his legal training he also has a degree in economics. One of the most active lawyers in interpretation of labour law in Poland.<\/p>\n<p>Member of the Labour Law Codification Committee and Chairman of the team for development of the draft of the labour code. A legal counsel with extensive experience. Frequently recognized in the renowned ranking of the Chambers and Partners as an \u201cEminent Lawyer.\u201d Former presiding Judge.<\/p>\n<p>Prof. Sobczyk has participated in numerous extensive and momentous projects concerning groups of several thousand employees relating to negotiating social packages, collective labour agreements, employee regulations, remuneration, transfers of work establishments, group redundancies, and outsourcing. Within his on-going law firm practice he provides legal services to business entities in employee-related matters. Author of legal opinions on particularly complex legal issues.<\/p>\n<p>He advises clients in taking strategic decisions concerning long-term programmes and business practices relating to labour law. Provider of direct support to HR directors and management boards of capital companies, including international companies. Widely considered to be an authoritative figure in the field of working time. He is an expert in the most complex legal issues.<\/p>\n<p>Professor and lecturer at the School of Labour Law and Social Policy of the Jagiellonian University. A scholarship recipient at numerous foreign universities. Experienced trainer and presenter. Lecturer and examiner for lawyer traineeships.<\/p>\n<p>Editor of one of the most recognized commentaries to the labour code. Author of the commentaries to the act on employment of temporary employees and to the act on employee councils.<\/p>\n<\/div><\/div><div class=\"w-tabs style_default switch_click accordion has_scrolling\" style=\"--sections-title-size:inherit\"><div class=\"w-tabs-sections titles-align_none icon_chevron cpos_right\"><div class=\"w-tabs-section\" id=\"r16e\"><button class=\"w-tabs-section-header\" aria-controls=\"content-r16e\" aria-expanded=\"false\"><div class=\"w-tabs-section-title\">Practice areas<\/div><div class=\"w-tabs-section-control\"><\/div><\/button><div  class=\"w-tabs-section-content\" id=\"content-r16e\"><div class=\"w-tabs-section-content-h i-cf\"><div class=\"wpb_text_column\"><div class=\"wpb_wrapper\"><ul>\n<li>labour law<\/li>\n<\/ul>\n<\/div><\/div><\/div><\/div><\/div><div class=\"w-tabs-section\" id=\"j361\"><button class=\"w-tabs-section-header\" aria-controls=\"content-j361\" aria-expanded=\"false\"><div class=\"w-tabs-section-title\">Recommendations<\/div><div class=\"w-tabs-section-control\"><\/div><\/button><div  class=\"w-tabs-section-content\" id=\"content-j361\"><div class=\"w-tabs-section-content-h i-cf\"><div class=\"wpb_text_column\"><div class=\"wpb_wrapper\"><ul>\n<li>Eminent Lawyer Chambers and Partners Europe 2017<\/li>\n<li>Leading Individual Legal 500 Europe 2017<\/li>\n<\/ul>\n<\/div><\/div><\/div><\/div><\/div><div class=\"w-tabs-section\" id=\"c256\"><button class=\"w-tabs-section-header\" aria-controls=\"content-c256\" aria-expanded=\"false\"><div class=\"w-tabs-section-title\">Online materials<\/div><div class=\"w-tabs-section-control\"><\/div><\/button><div  class=\"w-tabs-section-content\" id=\"content-c256\"><div class=\"w-tabs-section-content-h i-cf\"><div class=\"w-grid us_grid type_grid layout_1803 cols_1 pagination_ajax preload_style_spinner\" id=\"us_grid_1\" style=\"--columns:1;--gap:1rem;\" data-filterable=\"true\"><style>.layout_1803 .w-grid-item-h{}.layout_1803 .usg_post_title_1{margin-bottom:0.2rem!important;font-family:var(--h1-font-family)!important}<\/style><div class=\"w-grid-list\">\t<article class=\"w-grid-item size_1x1 post-1714 post type-post status-publish format-standard has-post-thumbnail hentry category-arkadiusz-sobczyk\" data-id=\"1714\">\r\n\t\t<div class=\"w-grid-item-h\">\r\n\t\t\t\t\t\t<div class=\"w-post-elm post_title usg_post_title_1 entry-title color_link_inherit\"><a href=\"https:\/\/sobczyk.com.pl\/en\/the-legal-500\/\">The Legal 500<\/a><\/div>\t\t<\/div>\r\n\t\t\t<\/article>\r\n<\/div>\t<div class=\"w-grid-preloader\">\r\n\t\t<div class=\"g-preloader type_1\">\r\n\t\t\t<div><\/div>\r\n\t\t<\/div>\r\n\t<\/div>\r\n\t\t<div class=\"w-grid-json hidden\" onclick='return {&quot;action&quot;:&quot;us_ajax_grid&quot;,&quot;infinite_scroll&quot;:0,&quot;max_num_pages&quot;:1,&quot;pagination&quot;:&quot;ajax&quot;,&quot;template_vars&quot;:{&quot;columns&quot;:&quot;1&quot;,&quot;exclude_items&quot;:&quot;none&quot;,&quot;img_size&quot;:&quot;default&quot;,&quot;ignore_items_size&quot;:0,&quot;items_layout&quot;:&quot;1803&quot;,&quot;items_offset&quot;:&quot;1&quot;,&quot;load_animation&quot;:&quot;none&quot;,&quot;overriding_link&quot;:&quot;{\\&quot;url\\&quot;:\\&quot;\\&quot;}&quot;,&quot;post_id&quot;:0,&quot;query_args&quot;:{&quot;post_type&quot;:[&quot;post&quot;],&quot;tax_query&quot;:[{&quot;taxonomy&quot;:&quot;category&quot;,&quot;field&quot;:&quot;slug&quot;,&quot;terms&quot;:[&quot;arkadiusz-sobczyk&quot;]}],&quot;post_status&quot;:[&quot;publish&quot;],&quot;posts_per_page&quot;:&quot;10&quot;},&quot;orderby_query_args&quot;:{&quot;orderby&quot;:{&quot;date&quot;:&quot;DESC&quot;}},&quot;type&quot;:&quot;grid&quot;,&quot;us_grid_post_type&quot;:&quot;post&quot;,&quot;us_grid_ajax_index&quot;:1,&quot;us_grid_filter_query_string&quot;:null,&quot;us_grid_index&quot;:1,&quot;page_args&quot;:[],&quot;lang&quot;:&quot;en&quot;}}'><\/div>\r\n\t<\/div><\/div><\/div><\/div><\/div><\/div><div class=\"w-separator size_medium\"><\/div><div class=\"w-btn-wrapper align_right\"><a class=\"w-btn us-btn-style_1 us_custom_80a192e9\" href=\"https:\/\/sobczyk.com.pl\/en\/our-team\/\"><span class=\"w-btn-label\">BACK<\/span><\/a><\/div><\/div><\/div><\/div><\/div><\/div><\/section>\n","protected":false},"excerpt":{"rendered":"A. Sobczyk i Wsp\u00f3\u0142pracownicy has been ranked No 1. (Top Tier) in employment law in the Legal 500 EMEA 2018 ranking. Arkadiusz Sobczyk has been ranked Leading Individual. Alina Gi\u017cejowska and Pawe\u0142 Korus have been ranked Recommended Lawyers. &#8220;A Sobczyk i Wsp\u00f3lpracownicy Law Offices is \u2018an undisputed market leader\u2019 that combines \u2018academic knowledge with cross-sector...","protected":false},"author":1,"featured_media":0,"parent":1258,"menu_order":0,"comment_status":"closed","ping_status":"closed","template":"","meta":{"_eb_attr":"","_mo_disable_npp":"","_uag_custom_page_level_css":"","footnotes":""},"class_list":["post-1261","page","type-page","status-publish","hentry"],"yoast_head":"<!-- This site is optimized with the Yoast SEO plugin v27.2 - https:\/\/yoast.com\/product\/yoast-seo-wordpress\/ -->\n<title>Prof. Arkadiusz Sobczyk, Ph.D. - Kancelaria Radcy Prawnego Arkadiusz Sobczyk<\/title>\n<meta name=\"description\" content=\"An outstanding expert in labour law with broad experience in litigation and negotiations. Founder of the Law Firm and its Managing Partner since the year 2000. Besides his legal training he also has a degree in economics. One of the most active lawyers in interpretation of labour law in Poland.\" \/>\n<meta name=\"robots\" content=\"index, follow, max-snippet:-1, max-image-preview:large, max-video-preview:-1\" \/>\n<link rel=\"canonical\" href=\"https:\/\/sobczyk.com.pl\/en\/our-team\/prof-dr-hab-arkadiusz-sobczyk\/\" \/>\n<meta property=\"og:locale\" content=\"en_US\" \/>\n<meta property=\"og:type\" content=\"article\" \/>\n<meta property=\"og:title\" content=\"Prof. Arkadiusz Sobczyk, Ph.D. - Kancelaria Radcy Prawnego Arkadiusz Sobczyk\" \/>\n<meta property=\"og:description\" content=\"An outstanding expert in labour law with broad experience in litigation and negotiations. Founder of the Law Firm and its Managing Partner since the year 2000. Besides his legal training he also has a degree in economics. One of the most active lawyers in interpretation of labour law in Poland.\" \/>\n<meta property=\"og:url\" content=\"https:\/\/sobczyk.com.pl\/en\/our-team\/prof-dr-hab-arkadiusz-sobczyk\/\" \/>\n<meta property=\"og:site_name\" content=\"Kancelaria Radcy Prawnego Arkadiusz Sobczyk\" \/>\n<meta property=\"article:modified_time\" content=\"2024-02-19T14:16:09+00:00\" \/>\n<meta property=\"og:image\" content=\"https:\/\/sobczyk.com.pl\/wp-content\/uploads\/2018\/03\/zdj-fb.jpg\" \/>\n\t<meta property=\"og:image:width\" content=\"600\" \/>\n\t<meta property=\"og:image:height\" content=\"315\" \/>\n\t<meta property=\"og:image:type\" content=\"image\/jpeg\" \/>\n<meta name=\"twitter:card\" content=\"summary_large_image\" \/>\n<meta name=\"twitter:label1\" content=\"Est. reading time\" \/>\n\t<meta name=\"twitter:data1\" content=\"3 minutes\" \/>\n<script type=\"application\/ld+json\" class=\"yoast-schema-graph\">{\"@context\":\"https:\/\/schema.org\",\"@graph\":[{\"@type\":\"WebPage\",\"@id\":\"https:\/\/sobczyk.com.pl\/en\/our-team\/prof-dr-hab-arkadiusz-sobczyk\/\",\"url\":\"https:\/\/sobczyk.com.pl\/en\/our-team\/prof-dr-hab-arkadiusz-sobczyk\/\",\"name\":\"Prof. Arkadiusz Sobczyk, Ph.D. - Kancelaria Radcy Prawnego Arkadiusz Sobczyk\",\"isPartOf\":{\"@id\":\"https:\/\/sobczyk.com.pl\/en\/#website\"},\"datePublished\":\"2017-12-20T14:47:45+00:00\",\"dateModified\":\"2024-02-19T14:16:09+00:00\",\"description\":\"An outstanding expert in labour law with broad experience in litigation and negotiations. Founder of the Law Firm and its Managing Partner since the year 2000. Besides his legal training he also has a degree in economics. One of the most active lawyers in interpretation of labour law in Poland.\",\"breadcrumb\":{\"@id\":\"https:\/\/sobczyk.com.pl\/en\/our-team\/prof-dr-hab-arkadiusz-sobczyk\/#breadcrumb\"},\"inLanguage\":\"en-US\",\"potentialAction\":[{\"@type\":\"ReadAction\",\"target\":[\"https:\/\/sobczyk.com.pl\/en\/our-team\/prof-dr-hab-arkadiusz-sobczyk\/\"]}]},{\"@type\":\"BreadcrumbList\",\"@id\":\"https:\/\/sobczyk.com.pl\/en\/our-team\/prof-dr-hab-arkadiusz-sobczyk\/#breadcrumb\",\"itemListElement\":[{\"@type\":\"ListItem\",\"position\":1,\"name\":\"Strona g\u0142\u00f3wna\",\"item\":\"https:\/\/sobczyk.com.pl\/en\/\"},{\"@type\":\"ListItem\",\"position\":2,\"name\":\"Our Team\",\"item\":\"https:\/\/sobczyk.com.pl\/en\/our-team\/\"},{\"@type\":\"ListItem\",\"position\":3,\"name\":\"Prof. Arkadiusz Sobczyk, Ph.D.\"}]},{\"@type\":\"WebSite\",\"@id\":\"https:\/\/sobczyk.com.pl\/en\/#website\",\"url\":\"https:\/\/sobczyk.com.pl\/en\/\",\"name\":\"Kancelaria Radcy Prawnego Arkadiusz Sobczyk\",\"description\":\"Eksperci z zakresu prawa pracy i ochrony danych osobowych\",\"potentialAction\":[{\"@type\":\"SearchAction\",\"target\":{\"@type\":\"EntryPoint\",\"urlTemplate\":\"https:\/\/sobczyk.com.pl\/en\/?s={search_term_string}\"},\"query-input\":{\"@type\":\"PropertyValueSpecification\",\"valueRequired\":true,\"valueName\":\"search_term_string\"}}],\"inLanguage\":\"en-US\"}]}<\/script>\n<!-- \/ Yoast SEO plugin. -->","yoast_head_json":{"title":"Prof. Arkadiusz Sobczyk, Ph.D. - Kancelaria Radcy Prawnego Arkadiusz Sobczyk","description":"An outstanding expert in labour law with broad experience in litigation and negotiations. Founder of the Law Firm and its Managing Partner since the year 2000. Besides his legal training he also has a degree in economics. One of the most active lawyers in interpretation of labour law in Poland.","robots":{"index":"index","follow":"follow","max-snippet":"max-snippet:-1","max-image-preview":"max-image-preview:large","max-video-preview":"max-video-preview:-1"},"canonical":"https:\/\/sobczyk.com.pl\/en\/our-team\/prof-dr-hab-arkadiusz-sobczyk\/","og_locale":"en_US","og_type":"article","og_title":"Prof. Arkadiusz Sobczyk, Ph.D. - Kancelaria Radcy Prawnego Arkadiusz Sobczyk","og_description":"An outstanding expert in labour law with broad experience in litigation and negotiations. Founder of the Law Firm and its Managing Partner since the year 2000. Besides his legal training he also has a degree in economics. One of the most active lawyers in interpretation of labour law in Poland.","og_url":"https:\/\/sobczyk.com.pl\/en\/our-team\/prof-dr-hab-arkadiusz-sobczyk\/","og_site_name":"Kancelaria Radcy Prawnego Arkadiusz Sobczyk","article_modified_time":"2024-02-19T14:16:09+00:00","og_image":[{"width":600,"height":315,"url":"https:\/\/sobczyk.com.pl\/wp-content\/uploads\/2018\/03\/zdj-fb.jpg","type":"image\/jpeg"}],"twitter_card":"summary_large_image","twitter_misc":{"Est. reading time":"3 minutes"},"schema":{"@context":"https:\/\/schema.org","@graph":[{"@type":"WebPage","@id":"https:\/\/sobczyk.com.pl\/en\/our-team\/prof-dr-hab-arkadiusz-sobczyk\/","url":"https:\/\/sobczyk.com.pl\/en\/our-team\/prof-dr-hab-arkadiusz-sobczyk\/","name":"Prof. Arkadiusz Sobczyk, Ph.D. - Kancelaria Radcy Prawnego Arkadiusz Sobczyk","isPartOf":{"@id":"https:\/\/sobczyk.com.pl\/en\/#website"},"datePublished":"2017-12-20T14:47:45+00:00","dateModified":"2024-02-19T14:16:09+00:00","description":"An outstanding expert in labour law with broad experience in litigation and negotiations. Founder of the Law Firm and its Managing Partner since the year 2000. Besides his legal training he also has a degree in economics. One of the most active lawyers in interpretation of labour law in Poland.","breadcrumb":{"@id":"https:\/\/sobczyk.com.pl\/en\/our-team\/prof-dr-hab-arkadiusz-sobczyk\/#breadcrumb"},"inLanguage":"en-US","potentialAction":[{"@type":"ReadAction","target":["https:\/\/sobczyk.com.pl\/en\/our-team\/prof-dr-hab-arkadiusz-sobczyk\/"]}]},{"@type":"BreadcrumbList","@id":"https:\/\/sobczyk.com.pl\/en\/our-team\/prof-dr-hab-arkadiusz-sobczyk\/#breadcrumb","itemListElement":[{"@type":"ListItem","position":1,"name":"Strona g\u0142\u00f3wna","item":"https:\/\/sobczyk.com.pl\/en\/"},{"@type":"ListItem","position":2,"name":"Our Team","item":"https:\/\/sobczyk.com.pl\/en\/our-team\/"},{"@type":"ListItem","position":3,"name":"Prof. Arkadiusz Sobczyk, Ph.D."}]},{"@type":"WebSite","@id":"https:\/\/sobczyk.com.pl\/en\/#website","url":"https:\/\/sobczyk.com.pl\/en\/","name":"Kancelaria Radcy Prawnego Arkadiusz Sobczyk","description":"Eksperci z zakresu prawa pracy i ochrony danych osobowych","potentialAction":[{"@type":"SearchAction","target":{"@type":"EntryPoint","urlTemplate":"https:\/\/sobczyk.com.pl\/en\/?s={search_term_string}"},"query-input":{"@type":"PropertyValueSpecification","valueRequired":true,"valueName":"search_term_string"}}],"inLanguage":"en-US"}]}},"uagb_featured_image_src":{"full":false,"thumbnail":false,"medium":false,"large":false,"us_349_350_crop":false,"us_600_600_crop":false,"us_255_170_crop":false,"us_254_182_crop":false,"us_254_205_crop":false,"us_768_0":false},"uagb_author_info":{"display_name":"ks-admin","author_link":"https:\/\/sobczyk.com.pl\/en\/author\/ks-admin\/"},"uagb_comment_info":0,"uagb_excerpt":null,"_links":{"self":[{"href":"https:\/\/sobczyk.com.pl\/en\/wp-json\/wp\/v2\/pages\/1261","targetHints":{"allow":["GET"]}}],"collection":[{"href":"https:\/\/sobczyk.com.pl\/en\/wp-json\/wp\/v2\/pages"}],"about":[{"href":"https:\/\/sobczyk.com.pl\/en\/wp-json\/wp\/v2\/types\/page"}],"author":[{"embeddable":true,"href":"https:\/\/sobczyk.com.pl\/en\/wp-json\/wp\/v2\/users\/1"}],"replies":[{"embeddable":true,"href":"https:\/\/sobczyk.com.pl\/en\/wp-json\/wp\/v2\/comments?post=1261"}],"version-history":[{"count":0,"href":"https:\/\/sobczyk.com.pl\/en\/wp-json\/wp\/v2\/pages\/1261\/revisions"}],"up":[{"embeddable":true,"href":"https:\/\/sobczyk.com.pl\/en\/wp-json\/wp\/v2\/pages\/1258"}],"wp:attachment":[{"href":"https:\/\/sobczyk.com.pl\/en\/wp-json\/wp\/v2\/media?parent=1261"}],"curies":[{"name":"wp","href":"https:\/\/api.w.org\/{rel}","templated":true}]}}