{"id":1356,"date":"2017-12-17T22:21:39","date_gmt":"2017-12-17T21:21:39","guid":{"rendered":"https:\/\/sobczyk.com.pl\/kontakt\/"},"modified":"2025-03-13T15:41:10","modified_gmt":"2025-03-13T14:41:10","slug":"contact","status":"publish","type":"page","link":"https:\/\/sobczyk.com.pl\/en\/contact\/","title":{"rendered":"Contact"},"content":{"rendered":"<section class=\"l-section wpb_row us_custom_6df4bc3a naglowek has_text_color height_large with_img\"><div class=\"l-section-img\" role=\"img\" aria-label=\"Image\" data-img-width=\"1920\" data-img-height=\"500\" style=\"background-image: url(https:\/\/sobczyk.com.pl\/wp-content\/uploads\/2018\/01\/naglowek-kontakt.jpg);\"><\/div><div class=\"l-section-h i-cf\"><div class=\"g-cols vc_row via_flex valign_top type_default stacking_default\"><div class=\"vc_col-sm-12 wpb_column vc_column_container\"><div class=\"vc_column-inner\"><div class=\"wpb_wrapper\"><div class=\"wpb_text_column text-center\"><div class=\"wpb_wrapper\"><h1>Contact<\/h1>\n<\/div><\/div><\/div><\/div><\/div><\/div><\/div><\/section><section class=\"l-section wpb_row kontakt-podstrona height_large\"><div class=\"l-section-h i-cf\"><div class=\"g-cols vc_row via_flex valign_top type_default stacking_default\"><div class=\"vc_col-sm-12 wpb_column vc_column_container kontakt-det\"><div class=\"vc_column-inner\"><div class=\"wpb_wrapper\"><div class=\"wpb_text_column text-center\"><div class=\"wpb_wrapper\"><h2>Contact details<\/h2>\n<\/div><\/div><div class=\"w-separator size_small with_line width_default thick_1 style_solid color_border align_center\"><div class=\"w-separator-h\"><\/div><\/div><div class=\"g-cols wpb_row via_flex valign_top type_default stacking_default\"><div class=\"vc_col-sm-4 wpb_column vc_column_container\"><div class=\"vc_column-inner\"><div class=\"wpb_wrapper\"><div class=\"wpb_text_column text-center\"><div class=\"wpb_wrapper\"><h3>Cracow Office:<\/h3>\n<p>8\/3B Bohdana Zaleskiego St.<br \/>\n31-525 Krak\u00f3w, Poland<br \/>\n<a href=\"mailto:krakow@sobczyk.com.pl\">krakow@sobczyk.com.pl<\/a><br \/>\n<a href=\"tel:+48124105410\">(+48) 12 410 54 10<\/a><\/p>\n<\/div><\/div><\/div><\/div><\/div><div class=\"vc_col-sm-4 wpb_column vc_column_container\"><div class=\"vc_column-inner\"><div class=\"wpb_wrapper\"><div class=\"wpb_text_column text-center\"><div class=\"wpb_wrapper\"><h3>Warsaw Office:<\/h3>\n<p>16\/22 Krucza St. (Sky Estate building)<br \/>\n\u2013 entrance from Wilcza St.<br \/>\n00-526 Warszawa, Poland<br \/>\n<a href=\"mailto:warszawa@sobczyk.com.pl\">warszawa@sobczyk.com.pl<\/a><br \/>\n<a href=\"tel:+48228256713\">(+48) 22 825 67 13<\/a><\/p>\n<\/div><\/div><\/div><\/div><\/div><div class=\"vc_col-sm-4 wpb_column vc_column_container\"><div class=\"vc_column-inner\"><div class=\"wpb_wrapper\"><div class=\"wpb_text_column text-center\"><div class=\"wpb_wrapper\"><h3>Pozna\u0144 Office:<\/h3>\n<p>10 J\u00f3zefa Strusia St.<br \/>\n60-711 Pozna\u0144, Poland<br \/>\n<a href=\"mailto:poznan@sobczyk.com.pl\">poznan@sobczyk.com.pl<\/a><\/p>\n<\/div><\/div><\/div><\/div><\/div><\/div><div class=\"w-separator size_large with_line width_default thick_1 style_solid color_border align_center\"><div class=\"w-separator-h\"><\/div><\/div><div class=\"g-cols wpb_row via_flex valign_top type_default stacking_default\"><div class=\"vc_col-sm-12 wpb_column vc_column_container\"><div class=\"vc_column-inner\"><div class=\"wpb_wrapper\"><div class=\"wpb_text_column text-center\"><div class=\"wpb_wrapper\"><h3 style=\"text-align: center;\">Receiving whistleblowing reports:<\/h3>\n<p style=\"text-align: center;\">Mon-Fri from 10:00 a.m. to 04:00 p.m., GMT+1<br \/>\n(to the provided phone number and e-mail address)<\/p>\n<\/div><\/div><div class=\"wpb_text_column text-center\"><div class=\"wpb_wrapper\"><\/div><\/div><div class=\"wpb_text_column text-center\"><div class=\"wpb_wrapper\"><\/div><\/div><\/div><\/div><\/div><\/div><div class=\"w-separator size_small with_line width_default thick_1 style_solid color_border align_center\"><div class=\"w-separator-h\"><\/div><\/div><div class=\"g-cols wpb_row via_flex valign_top type_default stacking_default\"><div class=\"vc_col-sm-6 wpb_column vc_column_container\"><div class=\"vc_column-inner\"><div class=\"wpb_wrapper\"><div class=\"wpb_text_column text-center\"><div class=\"wpb_wrapper\"><p style=\"text-align: center;\"><strong>PR and Marketing<\/strong><br \/>\n<a href=\"mailto:marketing@sobczyk.com.pl\">marketing@sobczyk.com.pl<\/a><\/p>\n<\/div><\/div><\/div><\/div><\/div><div class=\"vc_col-sm-6 wpb_column vc_column_container\"><div class=\"vc_column-inner\"><div class=\"wpb_wrapper\"><div class=\"wpb_text_column text-center\"><div class=\"wpb_wrapper\"><p style=\"text-align: center;\"><strong>Courses<\/strong><br \/>\n<a href=\"mailto:szkolenia@sobczyk.com.pl\">szkolenia@sobczyk.com.pl<\/a><\/p>\n<\/div><\/div><\/div><\/div><\/div><\/div><\/div><\/div><\/div><\/div><\/div><\/section>\n","protected":false},"excerpt":{"rendered":"Contact Contact details Cracow Office: 8\/3B Bohdana Zaleskiego St. 31-525 Krak\u00f3w, Poland krakow@sobczyk.com.pl (+48) 12 410 54 10 Warsaw Office: 16\/22 Krucza St. (Sky Estate building) \u2013 entrance from Wilcza St. 00-526 Warszawa, Poland warszawa@sobczyk.com.pl (+48) 22 825 67 13 Pozna\u0144 Office: 10 J\u00f3zefa Strusia St. 60-711 Pozna\u0144, Poland poznan@sobczyk.com.pl Receiving whistleblowing reports: Mon-Fri from...","protected":false},"author":1,"featured_media":0,"parent":0,"menu_order":0,"comment_status":"closed","ping_status":"closed","template":"","meta":{"_eb_attr":"","_mo_disable_npp":"","_uag_custom_page_level_css":"","footnotes":""},"class_list":["post-1356","page","type-page","status-publish","hentry"],"yoast_head":"<!-- This site is optimized with the Yoast SEO plugin v27.2 - https:\/\/yoast.com\/product\/yoast-seo-wordpress\/ -->\n<title>Contact - Kancelaria Radcy Prawnego Arkadiusz Sobczyk<\/title>\n<meta name=\"robots\" content=\"index, follow, max-snippet:-1, max-image-preview:large, max-video-preview:-1\" \/>\n<link rel=\"canonical\" href=\"https:\/\/sobczyk.com.pl\/en\/contact\/\" \/>\n<meta property=\"og:locale\" content=\"en_US\" \/>\n<meta property=\"og:type\" content=\"article\" \/>\n<meta property=\"og:title\" content=\"Contact - Kancelaria Radcy Prawnego Arkadiusz Sobczyk\" \/>\n<meta property=\"og:url\" content=\"https:\/\/sobczyk.com.pl\/en\/contact\/\" \/>\n<meta property=\"og:site_name\" content=\"Kancelaria Radcy Prawnego Arkadiusz Sobczyk\" \/>\n<meta property=\"article:modified_time\" content=\"2025-03-13T14:41:10+00:00\" \/>\n<meta property=\"og:image\" content=\"https:\/\/sobczyk.com.pl\/wp-content\/uploads\/2018\/03\/zdj-fb.jpg\" \/>\n\t<meta property=\"og:image:width\" content=\"600\" \/>\n\t<meta property=\"og:image:height\" content=\"315\" \/>\n\t<meta property=\"og:image:type\" content=\"image\/jpeg\" \/>\n<meta name=\"twitter:card\" content=\"summary_large_image\" \/>\n<meta name=\"twitter:label1\" content=\"Est. reading time\" \/>\n\t<meta name=\"twitter:data1\" content=\"1 minute\" \/>\n<script type=\"application\/ld+json\" class=\"yoast-schema-graph\">{\"@context\":\"https:\/\/schema.org\",\"@graph\":[{\"@type\":\"WebPage\",\"@id\":\"https:\/\/sobczyk.com.pl\/en\/contact\/\",\"url\":\"https:\/\/sobczyk.com.pl\/en\/contact\/\",\"name\":\"Contact - Kancelaria Radcy Prawnego Arkadiusz Sobczyk\",\"isPartOf\":{\"@id\":\"https:\/\/sobczyk.com.pl\/en\/#website\"},\"datePublished\":\"2017-12-17T21:21:39+00:00\",\"dateModified\":\"2025-03-13T14:41:10+00:00\",\"breadcrumb\":{\"@id\":\"https:\/\/sobczyk.com.pl\/en\/contact\/#breadcrumb\"},\"inLanguage\":\"en-US\",\"potentialAction\":[{\"@type\":\"ReadAction\",\"target\":[\"https:\/\/sobczyk.com.pl\/en\/contact\/\"]}]},{\"@type\":\"BreadcrumbList\",\"@id\":\"https:\/\/sobczyk.com.pl\/en\/contact\/#breadcrumb\",\"itemListElement\":[{\"@type\":\"ListItem\",\"position\":1,\"name\":\"Strona g\u0142\u00f3wna\",\"item\":\"https:\/\/sobczyk.com.pl\/en\/\"},{\"@type\":\"ListItem\",\"position\":2,\"name\":\"Contact\"}]},{\"@type\":\"WebSite\",\"@id\":\"https:\/\/sobczyk.com.pl\/en\/#website\",\"url\":\"https:\/\/sobczyk.com.pl\/en\/\",\"name\":\"Kancelaria Radcy Prawnego Arkadiusz Sobczyk\",\"description\":\"Eksperci z zakresu prawa pracy i ochrony danych osobowych\",\"potentialAction\":[{\"@type\":\"SearchAction\",\"target\":{\"@type\":\"EntryPoint\",\"urlTemplate\":\"https:\/\/sobczyk.com.pl\/en\/?s={search_term_string}\"},\"query-input\":{\"@type\":\"PropertyValueSpecification\",\"valueRequired\":true,\"valueName\":\"search_term_string\"}}],\"inLanguage\":\"en-US\"}]}<\/script>\n<!-- \/ Yoast SEO plugin. -->","yoast_head_json":{"title":"Contact - Kancelaria Radcy Prawnego Arkadiusz Sobczyk","robots":{"index":"index","follow":"follow","max-snippet":"max-snippet:-1","max-image-preview":"max-image-preview:large","max-video-preview":"max-video-preview:-1"},"canonical":"https:\/\/sobczyk.com.pl\/en\/contact\/","og_locale":"en_US","og_type":"article","og_title":"Contact - Kancelaria Radcy Prawnego Arkadiusz Sobczyk","og_url":"https:\/\/sobczyk.com.pl\/en\/contact\/","og_site_name":"Kancelaria Radcy Prawnego Arkadiusz Sobczyk","article_modified_time":"2025-03-13T14:41:10+00:00","og_image":[{"width":600,"height":315,"url":"https:\/\/sobczyk.com.pl\/wp-content\/uploads\/2018\/03\/zdj-fb.jpg","type":"image\/jpeg"}],"twitter_card":"summary_large_image","twitter_misc":{"Est. reading time":"1 minute"},"schema":{"@context":"https:\/\/schema.org","@graph":[{"@type":"WebPage","@id":"https:\/\/sobczyk.com.pl\/en\/contact\/","url":"https:\/\/sobczyk.com.pl\/en\/contact\/","name":"Contact - Kancelaria Radcy Prawnego Arkadiusz Sobczyk","isPartOf":{"@id":"https:\/\/sobczyk.com.pl\/en\/#website"},"datePublished":"2017-12-17T21:21:39+00:00","dateModified":"2025-03-13T14:41:10+00:00","breadcrumb":{"@id":"https:\/\/sobczyk.com.pl\/en\/contact\/#breadcrumb"},"inLanguage":"en-US","potentialAction":[{"@type":"ReadAction","target":["https:\/\/sobczyk.com.pl\/en\/contact\/"]}]},{"@type":"BreadcrumbList","@id":"https:\/\/sobczyk.com.pl\/en\/contact\/#breadcrumb","itemListElement":[{"@type":"ListItem","position":1,"name":"Strona g\u0142\u00f3wna","item":"https:\/\/sobczyk.com.pl\/en\/"},{"@type":"ListItem","position":2,"name":"Contact"}]},{"@type":"WebSite","@id":"https:\/\/sobczyk.com.pl\/en\/#website","url":"https:\/\/sobczyk.com.pl\/en\/","name":"Kancelaria Radcy Prawnego Arkadiusz Sobczyk","description":"Eksperci z zakresu prawa pracy i ochrony danych osobowych","potentialAction":[{"@type":"SearchAction","target":{"@type":"EntryPoint","urlTemplate":"https:\/\/sobczyk.com.pl\/en\/?s={search_term_string}"},"query-input":{"@type":"PropertyValueSpecification","valueRequired":true,"valueName":"search_term_string"}}],"inLanguage":"en-US"}]}},"uagb_featured_image_src":{"full":false,"thumbnail":false,"medium":false,"large":false,"us_349_350_crop":false,"us_600_600_crop":false,"us_255_170_crop":false,"us_254_182_crop":false,"us_254_205_crop":false,"us_768_0":false},"uagb_author_info":{"display_name":"ks-admin","author_link":"https:\/\/sobczyk.com.pl\/en\/author\/ks-admin\/"},"uagb_comment_info":0,"uagb_excerpt":null,"_links":{"self":[{"href":"https:\/\/sobczyk.com.pl\/en\/wp-json\/wp\/v2\/pages\/1356","targetHints":{"allow":["GET"]}}],"collection":[{"href":"https:\/\/sobczyk.com.pl\/en\/wp-json\/wp\/v2\/pages"}],"about":[{"href":"https:\/\/sobczyk.com.pl\/en\/wp-json\/wp\/v2\/types\/page"}],"author":[{"embeddable":true,"href":"https:\/\/sobczyk.com.pl\/en\/wp-json\/wp\/v2\/users\/1"}],"replies":[{"embeddable":true,"href":"https:\/\/sobczyk.com.pl\/en\/wp-json\/wp\/v2\/comments?post=1356"}],"version-history":[{"count":0,"href":"https:\/\/sobczyk.com.pl\/en\/wp-json\/wp\/v2\/pages\/1356\/revisions"}],"wp:attachment":[{"href":"https:\/\/sobczyk.com.pl\/en\/wp-json\/wp\/v2\/media?parent=1356"}],"curies":[{"name":"wp","href":"https:\/\/api.w.org\/{rel}","templated":true}]}}