{"id":5527,"date":"2022-10-05T13:28:27","date_gmt":"2022-10-05T11:28:27","guid":{"rendered":"https:\/\/sobczyk.com.pl\/?page_id=5527"},"modified":"2024-02-19T16:22:16","modified_gmt":"2024-02-19T15:22:16","slug":"maksymilian-biernot","status":"publish","type":"page","link":"https:\/\/sobczyk.com.pl\/en\/our-team\/maksymilian-biernot\/","title":{"rendered":"Maksymilian Biernot"},"content":{"rendered":"<section class=\"l-section wpb_row us_custom_6df4bc3a naglowek has_text_color height_large with_img\"><div class=\"l-section-img\" role=\"img\" aria-label=\"Image\" data-img-width=\"1920\" data-img-height=\"500\" style=\"background-image: url(https:\/\/sobczyk.com.pl\/wp-content\/uploads\/2018\/01\/naglowek-zespol.jpg);\"><\/div><div class=\"l-section-h i-cf\"><div class=\"g-cols vc_row via_flex valign_top type_default stacking_default\"><div class=\"vc_col-sm-12 wpb_column vc_column_container\"><div class=\"vc_column-inner\"><div class=\"wpb_wrapper\"><div class=\"wpb_text_column text-center\"><div class=\"wpb_wrapper\"><p>Maksymilian Biernot<\/p>\n<\/div><\/div><\/div><\/div><\/div><\/div><\/div><\/section><section class=\"l-section wpb_row zespol zespol-osoba height_large\"><div class=\"l-section-h i-cf\"><div class=\"g-cols vc_row via_flex valign_top type_default stacking_default\"><div class=\"vc_col-sm-4 wpb_column vc_column_container uslugi-content\"><div class=\"vc_column-inner\"><div class=\"wpb_wrapper\"><div class=\"w-image align_none\"><div class=\"w-image-h\"><img decoding=\"async\" width=\"600\" height=\"675\" src=\"https:\/\/sobczyk.com.pl\/wp-content\/uploads\/2018\/11\/Maksymilian-Biernot.jpg\" class=\"attachment-large size-large\" alt=\"\" loading=\"lazy\" srcset=\"https:\/\/sobczyk.com.pl\/wp-content\/uploads\/2018\/11\/Maksymilian-Biernot.jpg 600w, https:\/\/sobczyk.com.pl\/wp-content\/uploads\/2018\/11\/Maksymilian-Biernot-267x300.jpg 267w\" sizes=\"auto, (max-width: 600px) 100vw, 600px\" \/><\/div><\/div><div class=\"w-separator size_medium\"><\/div><div class=\"wpb_text_column\"><div class=\"wpb_wrapper\"><h1>Maksymilian Biernot<br \/>\n<span class=\"stanowisko\">attorney-at-law<\/span><\/h1>\n<\/div><\/div><div class=\"g-cols wpb_row via_flex valign_middle type_default stacking_default\"><div class=\"vc_col-sm-6 wpb_column vc_column_container biuro-miasto-sp-width\"><div class=\"vc_column-inner\"><div class=\"wpb_wrapper\"><div class=\"wpb_text_column zespol-miasto\"><div class=\"wpb_wrapper\"><p>Cracow Office<\/p>\n<\/div><\/div><\/div><\/div><\/div><div class=\"vc_col-sm-6 wpb_column vc_column_container\"><div class=\"vc_column-inner\"><div class=\"wpb_wrapper\"><div class=\"w-socials us_custom_a5c88937 color_text shape_square style_default hover_fade\"><div class=\"w-socials-list\"><div class=\"w-socials-item email\"><a target=\"_blank\" rel=\"nofollow\" href=\"mailto:maksymilian.biernot@sobczyk.com.pl\" class=\"w-socials-item-link\" aria-label=\"Email\"><span class=\"w-socials-item-link-hover\"><\/span><i class=\"fas fa-envelope\"><\/i><\/a><div class=\"w-socials-item-popup\"><span>Email<\/span><\/div><\/div><\/div><\/div><\/div><\/div><\/div><\/div><\/div><\/div><\/div><div class=\"vc_col-sm-8 wpb_column vc_column_container\"><div class=\"vc_column-inner\"><div class=\"wpb_wrapper\"><div class=\"wpb_text_column\"><div class=\"wpb_wrapper\"><p>Graduate of the Faculty of Law and Administation of the Jagiellonian University in Cracow, he defended his master&#8217;s thesis at the Department of Labour Law and Social Policy. In 2015, he was entered on the list of legal advisers kept by the District Chamber of Legal Adviseres in Cracow. Maksymilian has been associated with A. Sobczyk i Wsp\u00f3\u0142pracownicy since 2012.<\/p>\n<p>As part of his practice, he deals with ongoing support for HR departments, in employee matters, both in the field of indiviudal and collective labour law. He has many years of experience in litigation, in which he represents employers in matters related to termination of employment, remuneration for overtime work, as well as in cases related to unequal treatment, mobbing or discrimination.<\/p>\n<p>He draws up opinions on issues related to the obligations of the parties to the employment relationship, remuneration, collective redundancies and also prepares documentation related to the termination of the employment relationship.<\/p>\n<\/div><\/div><div class=\"w-tabs style_default switch_click accordion has_scrolling\" style=\"--sections-title-size:inherit\"><div class=\"w-tabs-sections titles-align_none icon_chevron cpos_right\"><div class=\"w-tabs-section\" id=\"k94c\"><button class=\"w-tabs-section-header\" aria-controls=\"content-k94c\" aria-expanded=\"false\"><div class=\"w-tabs-section-title\">Fields of practise<\/div><div class=\"w-tabs-section-control\"><\/div><\/button><div  class=\"w-tabs-section-content\" id=\"content-k94c\"><div class=\"w-tabs-section-content-h i-cf\"><div class=\"wpb_text_column\"><div class=\"wpb_wrapper\"><ul>\n<li>labour law<\/li>\n<\/ul>\n<\/div><\/div><\/div><\/div><\/div><\/div><\/div><div class=\"w-separator size_medium\"><\/div><div class=\"w-btn-wrapper align_right\"><a class=\"w-btn us-btn-style_1 us_custom_80a192e9\" href=\"https:\/\/sobczyk.com.pl\/en\/our-team\/\"><span class=\"w-btn-label\">BACK<\/span><\/a><\/div><\/div><\/div><\/div><\/div><\/div><\/section>\n","protected":false},"excerpt":{"rendered":"Maksymilian Biernot Maksymilian Biernot attorney-at-law Cracow Office EmailGraduate of the Faculty of Law and Administation of the Jagiellonian University in Cracow, he defended his master&#8217;s thesis at the Department of Labour Law and Social Policy. In 2015, he was entered on the list of legal advisers kept by the District Chamber of Legal Adviseres in...","protected":false},"author":2,"featured_media":0,"parent":1258,"menu_order":0,"comment_status":"closed","ping_status":"closed","template":"","meta":{"_eb_attr":"","_mo_disable_npp":"","_uag_custom_page_level_css":"","footnotes":""},"class_list":["post-5527","page","type-page","status-publish","hentry"],"yoast_head":"<!-- This site is optimized with the Yoast SEO plugin v27.2 - https:\/\/yoast.com\/product\/yoast-seo-wordpress\/ -->\n<title>Maksymilian Biernot - Kancelaria Radcy Prawnego Arkadiusz Sobczyk<\/title>\n<meta name=\"description\" content=\"Maksymilian Biernot - Absolwent Wydzia\u0142u Prawa i Administracji Uniwersytetu Jagiello\u0144skiego w Krakowie, prac\u0119 magistersk\u0105 obroni\u0142 w Katedrze Prawa Pracy i Polityki Spo\u0142ecznej.\" \/>\n<meta name=\"robots\" content=\"index, follow, max-snippet:-1, max-image-preview:large, max-video-preview:-1\" \/>\n<link rel=\"canonical\" href=\"https:\/\/sobczyk.com.pl\/en\/our-team\/maksymilian-biernot\/\" \/>\n<meta property=\"og:locale\" content=\"en_US\" \/>\n<meta property=\"og:type\" content=\"article\" \/>\n<meta property=\"og:title\" content=\"Maksymilian Biernot - Kancelaria Radcy Prawnego Arkadiusz Sobczyk\" \/>\n<meta property=\"og:description\" content=\"Maksymilian Biernot - Absolwent Wydzia\u0142u Prawa i Administracji Uniwersytetu Jagiello\u0144skiego w Krakowie, prac\u0119 magistersk\u0105 obroni\u0142 w Katedrze Prawa Pracy i Polityki Spo\u0142ecznej.\" \/>\n<meta property=\"og:url\" content=\"https:\/\/sobczyk.com.pl\/en\/our-team\/maksymilian-biernot\/\" \/>\n<meta property=\"og:site_name\" content=\"Kancelaria Radcy Prawnego Arkadiusz Sobczyk\" \/>\n<meta property=\"article:modified_time\" content=\"2024-02-19T15:22:16+00:00\" \/>\n<meta property=\"og:image\" content=\"https:\/\/sobczyk.com.pl\/wp-content\/uploads\/2018\/03\/zdj-fb.jpg\" \/>\n\t<meta property=\"og:image:width\" content=\"600\" \/>\n\t<meta property=\"og:image:height\" content=\"315\" \/>\n\t<meta property=\"og:image:type\" content=\"image\/jpeg\" \/>\n<meta name=\"twitter:card\" content=\"summary_large_image\" \/>\n<meta name=\"twitter:label1\" content=\"Est. reading time\" \/>\n\t<meta name=\"twitter:data1\" content=\"2 minutes\" \/>\n<script type=\"application\/ld+json\" class=\"yoast-schema-graph\">{\"@context\":\"https:\/\/schema.org\",\"@graph\":[{\"@type\":\"WebPage\",\"@id\":\"https:\/\/sobczyk.com.pl\/en\/our-team\/maksymilian-biernot\/\",\"url\":\"https:\/\/sobczyk.com.pl\/en\/our-team\/maksymilian-biernot\/\",\"name\":\"Maksymilian Biernot - Kancelaria Radcy Prawnego Arkadiusz Sobczyk\",\"isPartOf\":{\"@id\":\"https:\/\/sobczyk.com.pl\/en\/#website\"},\"datePublished\":\"2022-10-05T11:28:27+00:00\",\"dateModified\":\"2024-02-19T15:22:16+00:00\",\"description\":\"Maksymilian Biernot - Absolwent Wydzia\u0142u Prawa i Administracji Uniwersytetu Jagiello\u0144skiego w Krakowie, prac\u0119 magistersk\u0105 obroni\u0142 w Katedrze Prawa Pracy i Polityki Spo\u0142ecznej.\",\"breadcrumb\":{\"@id\":\"https:\/\/sobczyk.com.pl\/en\/our-team\/maksymilian-biernot\/#breadcrumb\"},\"inLanguage\":\"en-US\",\"potentialAction\":[{\"@type\":\"ReadAction\",\"target\":[\"https:\/\/sobczyk.com.pl\/en\/our-team\/maksymilian-biernot\/\"]}]},{\"@type\":\"BreadcrumbList\",\"@id\":\"https:\/\/sobczyk.com.pl\/en\/our-team\/maksymilian-biernot\/#breadcrumb\",\"itemListElement\":[{\"@type\":\"ListItem\",\"position\":1,\"name\":\"Strona g\u0142\u00f3wna\",\"item\":\"https:\/\/sobczyk.com.pl\/en\/\"},{\"@type\":\"ListItem\",\"position\":2,\"name\":\"Our Team\",\"item\":\"https:\/\/sobczyk.com.pl\/en\/our-team\/\"},{\"@type\":\"ListItem\",\"position\":3,\"name\":\"Maksymilian Biernot\"}]},{\"@type\":\"WebSite\",\"@id\":\"https:\/\/sobczyk.com.pl\/en\/#website\",\"url\":\"https:\/\/sobczyk.com.pl\/en\/\",\"name\":\"Kancelaria Radcy Prawnego Arkadiusz Sobczyk\",\"description\":\"Eksperci z zakresu prawa pracy i ochrony danych osobowych\",\"potentialAction\":[{\"@type\":\"SearchAction\",\"target\":{\"@type\":\"EntryPoint\",\"urlTemplate\":\"https:\/\/sobczyk.com.pl\/en\/?s={search_term_string}\"},\"query-input\":{\"@type\":\"PropertyValueSpecification\",\"valueRequired\":true,\"valueName\":\"search_term_string\"}}],\"inLanguage\":\"en-US\"}]}<\/script>\n<!-- \/ Yoast SEO plugin. -->","yoast_head_json":{"title":"Maksymilian Biernot - Kancelaria Radcy Prawnego Arkadiusz Sobczyk","description":"Maksymilian Biernot - Absolwent Wydzia\u0142u Prawa i Administracji Uniwersytetu Jagiello\u0144skiego w Krakowie, prac\u0119 magistersk\u0105 obroni\u0142 w Katedrze Prawa Pracy i Polityki Spo\u0142ecznej.","robots":{"index":"index","follow":"follow","max-snippet":"max-snippet:-1","max-image-preview":"max-image-preview:large","max-video-preview":"max-video-preview:-1"},"canonical":"https:\/\/sobczyk.com.pl\/en\/our-team\/maksymilian-biernot\/","og_locale":"en_US","og_type":"article","og_title":"Maksymilian Biernot - Kancelaria Radcy Prawnego Arkadiusz Sobczyk","og_description":"Maksymilian Biernot - Absolwent Wydzia\u0142u Prawa i Administracji Uniwersytetu Jagiello\u0144skiego w Krakowie, prac\u0119 magistersk\u0105 obroni\u0142 w Katedrze Prawa Pracy i Polityki Spo\u0142ecznej.","og_url":"https:\/\/sobczyk.com.pl\/en\/our-team\/maksymilian-biernot\/","og_site_name":"Kancelaria Radcy Prawnego Arkadiusz Sobczyk","article_modified_time":"2024-02-19T15:22:16+00:00","og_image":[{"width":600,"height":315,"url":"https:\/\/sobczyk.com.pl\/wp-content\/uploads\/2018\/03\/zdj-fb.jpg","type":"image\/jpeg"}],"twitter_card":"summary_large_image","twitter_misc":{"Est. reading time":"2 minutes"},"schema":{"@context":"https:\/\/schema.org","@graph":[{"@type":"WebPage","@id":"https:\/\/sobczyk.com.pl\/en\/our-team\/maksymilian-biernot\/","url":"https:\/\/sobczyk.com.pl\/en\/our-team\/maksymilian-biernot\/","name":"Maksymilian Biernot - Kancelaria Radcy Prawnego Arkadiusz Sobczyk","isPartOf":{"@id":"https:\/\/sobczyk.com.pl\/en\/#website"},"datePublished":"2022-10-05T11:28:27+00:00","dateModified":"2024-02-19T15:22:16+00:00","description":"Maksymilian Biernot - Absolwent Wydzia\u0142u Prawa i Administracji Uniwersytetu Jagiello\u0144skiego w Krakowie, prac\u0119 magistersk\u0105 obroni\u0142 w Katedrze Prawa Pracy i Polityki Spo\u0142ecznej.","breadcrumb":{"@id":"https:\/\/sobczyk.com.pl\/en\/our-team\/maksymilian-biernot\/#breadcrumb"},"inLanguage":"en-US","potentialAction":[{"@type":"ReadAction","target":["https:\/\/sobczyk.com.pl\/en\/our-team\/maksymilian-biernot\/"]}]},{"@type":"BreadcrumbList","@id":"https:\/\/sobczyk.com.pl\/en\/our-team\/maksymilian-biernot\/#breadcrumb","itemListElement":[{"@type":"ListItem","position":1,"name":"Strona g\u0142\u00f3wna","item":"https:\/\/sobczyk.com.pl\/en\/"},{"@type":"ListItem","position":2,"name":"Our Team","item":"https:\/\/sobczyk.com.pl\/en\/our-team\/"},{"@type":"ListItem","position":3,"name":"Maksymilian Biernot"}]},{"@type":"WebSite","@id":"https:\/\/sobczyk.com.pl\/en\/#website","url":"https:\/\/sobczyk.com.pl\/en\/","name":"Kancelaria Radcy Prawnego Arkadiusz Sobczyk","description":"Eksperci z zakresu prawa pracy i ochrony danych osobowych","potentialAction":[{"@type":"SearchAction","target":{"@type":"EntryPoint","urlTemplate":"https:\/\/sobczyk.com.pl\/en\/?s={search_term_string}"},"query-input":{"@type":"PropertyValueSpecification","valueRequired":true,"valueName":"search_term_string"}}],"inLanguage":"en-US"}]}},"uagb_featured_image_src":{"full":false,"thumbnail":false,"medium":false,"large":false,"us_349_350_crop":false,"us_600_600_crop":false,"us_255_170_crop":false,"us_254_182_crop":false,"us_254_205_crop":false,"us_768_0":false},"uagb_author_info":{"display_name":"AD-admin","author_link":"https:\/\/sobczyk.com.pl\/en\/author\/ad-admin\/"},"uagb_comment_info":0,"uagb_excerpt":null,"_links":{"self":[{"href":"https:\/\/sobczyk.com.pl\/en\/wp-json\/wp\/v2\/pages\/5527","targetHints":{"allow":["GET"]}}],"collection":[{"href":"https:\/\/sobczyk.com.pl\/en\/wp-json\/wp\/v2\/pages"}],"about":[{"href":"https:\/\/sobczyk.com.pl\/en\/wp-json\/wp\/v2\/types\/page"}],"author":[{"embeddable":true,"href":"https:\/\/sobczyk.com.pl\/en\/wp-json\/wp\/v2\/users\/2"}],"replies":[{"embeddable":true,"href":"https:\/\/sobczyk.com.pl\/en\/wp-json\/wp\/v2\/comments?post=5527"}],"version-history":[{"count":0,"href":"https:\/\/sobczyk.com.pl\/en\/wp-json\/wp\/v2\/pages\/5527\/revisions"}],"up":[{"embeddable":true,"href":"https:\/\/sobczyk.com.pl\/en\/wp-json\/wp\/v2\/pages\/1258"}],"wp:attachment":[{"href":"https:\/\/sobczyk.com.pl\/en\/wp-json\/wp\/v2\/media?parent=5527"}],"curies":[{"name":"wp","href":"https:\/\/api.w.org\/{rel}","templated":true}]}}